{"id":1999,"date":"2016-11-15T14:52:33","date_gmt":"2016-11-15T14:52:33","guid":{"rendered":"http:\/\/smartwpress.com\/lucille2\/?page_id=1999"},"modified":"2025-10-03T12:35:22","modified_gmt":"2025-10-03T10:35:22","slug":"main-page","status":"publish","type":"page","link":"https:\/\/eduardmarquinaselfa.com\/","title":{"rendered":"Main Page"},"content":{"rendered":"<p>[vc_row][vc_column][rev_slider_vc alias=\u00bbclassicMenuDemoSlider\u00bb][\/vc_column][\/vc_row][vc_row js_color_overlay=\u00bb#1b1b1b\u00bb][vc_column css=\u00bb.vc_custom_1479811878528{margin-top: 0px !important;}\u00bb][vc_row_inner css=\u00bb.vc_custom_1479812469116{margin-top: 80px !important;margin-bottom: 60px !important;}\u00bb][vc_column_inner]\t\r\n\t<div class=\"lc_vc_section_title text_center\">\r\n\t\t\t\r\n\t\t\t<h2 class=\"section_title\">Mi <span class=\"lc_vibrant_color\">M\u00fasica<\/span><\/h2>\r\n\t\t\t\r\n\r\n\t\t\t\r\n\t\t\t<h4 class=\"section_subtitle\">Discograf\u00eda<\/h4>\r\n\t\t\t\r\n\t<\/div>\r\n\t\r\n\t[\/vc_column_inner][\/vc_row_inner][vc_row_inner css=\u00bb.vc_custom_1479812495937{margin-top: 80px !important;margin-bottom: 80px !important;}\u00bb][vc_column_inner]\t\t<div class=\"lc_content_full lc_basic_content_padding lc_swp_boxed\">\r\n\t\t\t<div class=\"albums_container clearfix\">\r\n\t\t\t\t\r\n\t\t\t\t\t<div class=\"single_album_item has_right_padding \">\r\n\t\t\t\t\t\t<a href=\"https:\/\/eduardmarquinaselfa.com\/?js_albums=standard-session-vol-i\">\r\n\t\t\t\t\t\t\t<div class=\"album_image_container lc_swp_background_image\" data-bgimage=\"https:\/\/eduardmarquinaselfa.com\/wp-content\/uploads\/2022\/06\/PORTADA-standard-session.jpg\">\r\n\t\t\t\t\t\t\t<\/div>\r\n\t\t\t\t\t\t\t<div class=\"album_overlay transition3\"><\/div>\r\n\t\t\t\t\t\t\t<h3 class=\"album_title album_heading transition4\"> Standard Session Vol.I <\/h3>\r\n\t\t\t\t\t\t\t<h3 class=\"album_artist album_heading transition4\"> Eduard Marquina-Selfa <\/h3>\r\n\t\t\t\t\t\t<\/a>\r\n\t\t\t\t\t<\/div>\r\n\r\n\t\t\t\t\r\n\t\t\t\t\t<div class=\"single_album_item has_right_padding \">\r\n\t\t\t\t\t\t<a href=\"https:\/\/eduardmarquinaselfa.com\/?js_albums=carpesa-estesa\">\r\n\t\t\t\t\t\t\t<div class=\"album_image_container lc_swp_background_image\" data-bgimage=\"https:\/\/eduardmarquinaselfa.com\/wp-content\/uploads\/2016\/11\/PORTADA-carpesa-estesa.jpg\">\r\n\t\t\t\t\t\t\t<\/div>\r\n\t\t\t\t\t\t\t<div class=\"album_overlay transition3\"><\/div>\r\n\t\t\t\t\t\t\t<h3 class=\"album_title album_heading transition4\"> Carpesa Estesa <\/h3>\r\n\t\t\t\t\t\t\t<h3 class=\"album_artist album_heading transition4\"> Marquina-Selfa trio <\/h3>\r\n\t\t\t\t\t\t<\/a>\r\n\t\t\t\t\t<\/div>\r\n\r\n\t\t\t\t\r\n\t\t\t\t\t<div class=\"single_album_item \">\r\n\t\t\t\t\t\t<a href=\"https:\/\/eduardmarquinaselfa.com\/?js_albums=stereotypes\">\r\n\t\t\t\t\t\t\t<div class=\"album_image_container lc_swp_background_image\" data-bgimage=\"https:\/\/eduardmarquinaselfa.com\/wp-content\/uploads\/2016\/11\/Portada-Smile-scaled.jpg\">\r\n\t\t\t\t\t\t\t<\/div>\r\n\t\t\t\t\t\t\t<div class=\"album_overlay transition3\"><\/div>\r\n\t\t\t\t\t\t\t<h3 class=\"album_title album_heading transition4\"> Smile <\/h3>\r\n\t\t\t\t\t\t\t<h3 class=\"album_artist album_heading transition4\"> D\u00f3misol Sisters <\/h3>\r\n\t\t\t\t\t\t<\/a>\r\n\t\t\t\t\t<\/div>\r\n\r\n\t\t\t\t\t\t\t<\/div>\r\n\t\t<\/div>\r\n\r\n\t\t\t\t\t<div class=\"lc_view_more discography_view_more lc_swp_boxed\">\r\n\t\t\t\t<a href=\"https:\/\/eduardmarquinaselfa.com\/?page_id=2743\">\r\n\t\t\t\t\tM\u00e1s M\u00fasica\t\t\t\t<\/a>\r\n\t\t\t<\/div>\r\n\t\t[\/vc_column_inner][\/vc_row_inner][\/vc_column][\/vc_row][vc_row js_color_overlay=\u00bbrgba(21,21,21,0.89)\u00bb css=\u00bb.vc_custom_1641986323315{padding-top: 120px !important;padding-bottom: 120px !important;background-image: url(https:\/\/eduardmarquinaselfa.com\/wp-content\/uploads\/2022\/01\/TDF04879-scaled-e1641986284991.jpg?id=2611) !important;background-position: center !important;background-repeat: no-repeat !important;background-size: cover !important;}\u00bb][vc_column width=\u00bb1\/2&#8243; offset=\u00bbvc_hidden-sm vc_hidden-xs\u00bb][\/vc_column][vc_column width=\u00bb1\/4&#8243; offset=\u00bbvc_col-sm-offset-0&#8243;][vc_row_inner][vc_column_inner css=\u00bb.vc_custom_1482743483404{padding-right: 15px !important;padding-bottom: 20px !important;padding-left: 15px !important;}\u00bb offset=\u00bbvc_col-sm-offset-0&#8243;]\t\r\n\t<div class=\"lc_vc_section_title text_left\">\r\n\t\t\t\r\n\t\t\t<h2 class=\"section_title\">Un poquito sobre <span class=\"lc_vibrant_color\">Eduard<\/span><\/h2>\r\n\t\t\t\r\n\r\n\t\t\t\r\n\t\t\t<h4 class=\"section_subtitle\">Musicalmente inquieto<\/h4>\r\n\t\t\t\r\n\t<\/div>\r\n\t\r\n\t[\/vc_column_inner][\/vc_row_inner][vc_column_text]Los sonidos y su combinaci\u00f3n es lo que me fascin\u00f3. Con la combinatoria de las teclas descubr\u00ed un mundo infinito donde interpretar, crear y escuchar. Agradezco la el movimiento y la acidez ir\u00f3nica adem\u00e1s de observar, analizar y paladear lo musical.[\/vc_column_text][\/vc_column][vc_column width=\u00bb1\/4&#8243; offset=\u00bbvc_hidden-sm vc_hidden-xs\u00bb][\/vc_column][\/vc_row][vc_row js_color_overlay=\u00bb#1b1b1b\u00bb][vc_column][vc_row_inner css=\u00bb.vc_custom_1480013935062{margin-top: 80px !important;margin-bottom: 60px !important;}\u00bb][vc_column_inner]\t\r\n\t<div class=\"lc_vc_section_title text_center\">\r\n\t\t\t\r\n\t\t\t<h2 class=\"section_title\"><span class=\"lc_vibrant_color\">Fotos<\/span> destacadas<\/h2>\r\n\t\t\t\r\n\r\n\t\t\t\r\n\t\t\t<h4 class=\"section_subtitle\"><\/h4>\r\n\t\t\t\r\n\t<\/div>\r\n\t\r\n\t[\/vc_column_inner][\/vc_row_inner][vc_row_inner css=\u00bb.vc_custom_1480065929541{margin-top: 0px !important;padding-bottom: 80px !important;}\u00bb][vc_column_inner]<div class=\"lc_swp_justified_gallery\" data-rheight=\"180\"><div class=\"img_box\"><div class=\"gallery_brick_overlay\"><\/div><a href=\"https:\/\/eduardmarquinaselfa.com\/wp-content\/uploads\/2022\/01\/TDF05081_1-scaled.jpg\" data-lightbox=\"photoAlbum199847122\"><img loading=\"lazy\" decoding=\"async\" width=\"200\" height=\"300\" src=\"https:\/\/eduardmarquinaselfa.com\/wp-content\/uploads\/2022\/01\/TDF05081_1-200x300.jpg\" class=\"attachment-medium size-medium\" alt=\"\" srcset=\"https:\/\/eduardmarquinaselfa.com\/wp-content\/uploads\/2022\/01\/TDF05081_1-200x300.jpg 200w, https:\/\/eduardmarquinaselfa.com\/wp-content\/uploads\/2022\/01\/TDF05081_1-683x1024.jpg 683w, https:\/\/eduardmarquinaselfa.com\/wp-content\/uploads\/2022\/01\/TDF05081_1-768x1152.jpg 768w, https:\/\/eduardmarquinaselfa.com\/wp-content\/uploads\/2022\/01\/TDF05081_1-1024x1536.jpg 1024w, https:\/\/eduardmarquinaselfa.com\/wp-content\/uploads\/2022\/01\/TDF05081_1-1365x2048.jpg 1365w, https:\/\/eduardmarquinaselfa.com\/wp-content\/uploads\/2022\/01\/TDF05081_1-600x900.jpg 600w, https:\/\/eduardmarquinaselfa.com\/wp-content\/uploads\/2022\/01\/TDF05081_1-scaled.jpg 1707w\" sizes=\"auto, (max-width: 200px) 100vw, 200px\" \/><\/a><\/div><div class=\"img_box\"><div class=\"gallery_brick_overlay\"><\/div><a href=\"https:\/\/eduardmarquinaselfa.com\/wp-content\/uploads\/2022\/01\/TDF04824-scaled.jpg\" data-lightbox=\"photoAlbum199847122\"><img loading=\"lazy\" decoding=\"async\" width=\"200\" height=\"300\" src=\"https:\/\/eduardmarquinaselfa.com\/wp-content\/uploads\/2022\/01\/TDF04824-200x300.jpg\" class=\"attachment-medium size-medium\" alt=\"\" srcset=\"https:\/\/eduardmarquinaselfa.com\/wp-content\/uploads\/2022\/01\/TDF04824-200x300.jpg 200w, https:\/\/eduardmarquinaselfa.com\/wp-content\/uploads\/2022\/01\/TDF04824-683x1024.jpg 683w, https:\/\/eduardmarquinaselfa.com\/wp-content\/uploads\/2022\/01\/TDF04824-768x1152.jpg 768w, https:\/\/eduardmarquinaselfa.com\/wp-content\/uploads\/2022\/01\/TDF04824-1024x1536.jpg 1024w, https:\/\/eduardmarquinaselfa.com\/wp-content\/uploads\/2022\/01\/TDF04824-1365x2048.jpg 1365w, https:\/\/eduardmarquinaselfa.com\/wp-content\/uploads\/2022\/01\/TDF04824-600x900.jpg 600w, https:\/\/eduardmarquinaselfa.com\/wp-content\/uploads\/2022\/01\/TDF04824-scaled.jpg 1707w\" sizes=\"auto, (max-width: 200px) 100vw, 200px\" \/><\/a><\/div><div class=\"img_box\"><div class=\"gallery_brick_overlay\"><\/div><a href=\"https:\/\/eduardmarquinaselfa.com\/wp-content\/uploads\/2022\/01\/TDF04834-scaled.jpg\" data-lightbox=\"photoAlbum199847122\"><img loading=\"lazy\" decoding=\"async\" width=\"300\" height=\"200\" src=\"https:\/\/eduardmarquinaselfa.com\/wp-content\/uploads\/2022\/01\/TDF04834-300x200.jpg\" class=\"attachment-medium size-medium\" alt=\"\" srcset=\"https:\/\/eduardmarquinaselfa.com\/wp-content\/uploads\/2022\/01\/TDF04834-300x200.jpg 300w, https:\/\/eduardmarquinaselfa.com\/wp-content\/uploads\/2022\/01\/TDF04834-1024x683.jpg 1024w, https:\/\/eduardmarquinaselfa.com\/wp-content\/uploads\/2022\/01\/TDF04834-768x512.jpg 768w, https:\/\/eduardmarquinaselfa.com\/wp-content\/uploads\/2022\/01\/TDF04834-1536x1025.jpg 1536w, https:\/\/eduardmarquinaselfa.com\/wp-content\/uploads\/2022\/01\/TDF04834-2048x1366.jpg 2048w, https:\/\/eduardmarquinaselfa.com\/wp-content\/uploads\/2022\/01\/TDF04834-600x400.jpg 600w\" sizes=\"auto, (max-width: 300px) 100vw, 300px\" \/><\/a><\/div><div class=\"img_box\"><div class=\"gallery_brick_overlay\"><\/div><a href=\"https:\/\/eduardmarquinaselfa.com\/wp-content\/uploads\/2022\/01\/TDF04858_1-scaled.jpg\" data-lightbox=\"photoAlbum199847122\"><img loading=\"lazy\" decoding=\"async\" width=\"300\" height=\"200\" src=\"https:\/\/eduardmarquinaselfa.com\/wp-content\/uploads\/2022\/01\/TDF04858_1-300x200.jpg\" class=\"attachment-medium size-medium\" alt=\"\" srcset=\"https:\/\/eduardmarquinaselfa.com\/wp-content\/uploads\/2022\/01\/TDF04858_1-300x200.jpg 300w, https:\/\/eduardmarquinaselfa.com\/wp-content\/uploads\/2022\/01\/TDF04858_1-1024x683.jpg 1024w, https:\/\/eduardmarquinaselfa.com\/wp-content\/uploads\/2022\/01\/TDF04858_1-768x512.jpg 768w, https:\/\/eduardmarquinaselfa.com\/wp-content\/uploads\/2022\/01\/TDF04858_1-1536x1024.jpg 1536w, https:\/\/eduardmarquinaselfa.com\/wp-content\/uploads\/2022\/01\/TDF04858_1-2048x1365.jpg 2048w, https:\/\/eduardmarquinaselfa.com\/wp-content\/uploads\/2022\/01\/TDF04858_1-600x400.jpg 600w\" sizes=\"auto, (max-width: 300px) 100vw, 300px\" \/><\/a><\/div><div class=\"img_box\"><div class=\"gallery_brick_overlay\"><\/div><a href=\"https:\/\/eduardmarquinaselfa.com\/wp-content\/uploads\/2022\/01\/TDF04804-scaled.jpg\" data-lightbox=\"photoAlbum199847122\"><img loading=\"lazy\" decoding=\"async\" width=\"201\" height=\"300\" src=\"https:\/\/eduardmarquinaselfa.com\/wp-content\/uploads\/2022\/01\/TDF04804-201x300.jpg\" class=\"attachment-medium size-medium\" alt=\"\" srcset=\"https:\/\/eduardmarquinaselfa.com\/wp-content\/uploads\/2022\/01\/TDF04804-201x300.jpg 201w, https:\/\/eduardmarquinaselfa.com\/wp-content\/uploads\/2022\/01\/TDF04804-684x1024.jpg 684w, https:\/\/eduardmarquinaselfa.com\/wp-content\/uploads\/2022\/01\/TDF04804-768x1149.jpg 768w, https:\/\/eduardmarquinaselfa.com\/wp-content\/uploads\/2022\/01\/TDF04804-1027x1536.jpg 1027w, https:\/\/eduardmarquinaselfa.com\/wp-content\/uploads\/2022\/01\/TDF04804-1369x2048.jpg 1369w, https:\/\/eduardmarquinaselfa.com\/wp-content\/uploads\/2022\/01\/TDF04804-600x898.jpg 600w, https:\/\/eduardmarquinaselfa.com\/wp-content\/uploads\/2022\/01\/TDF04804-scaled.jpg 1711w\" sizes=\"auto, (max-width: 201px) 100vw, 201px\" \/><\/a><\/div><div class=\"img_box\"><div class=\"gallery_brick_overlay\"><\/div><a href=\"https:\/\/eduardmarquinaselfa.com\/wp-content\/uploads\/2022\/01\/TDF04975-scaled.jpg\" data-lightbox=\"photoAlbum199847122\"><img loading=\"lazy\" decoding=\"async\" width=\"300\" height=\"200\" src=\"https:\/\/eduardmarquinaselfa.com\/wp-content\/uploads\/2022\/01\/TDF04975-300x200.jpg\" class=\"attachment-medium size-medium\" alt=\"\" srcset=\"https:\/\/eduardmarquinaselfa.com\/wp-content\/uploads\/2022\/01\/TDF04975-300x200.jpg 300w, https:\/\/eduardmarquinaselfa.com\/wp-content\/uploads\/2022\/01\/TDF04975-1024x683.jpg 1024w, https:\/\/eduardmarquinaselfa.com\/wp-content\/uploads\/2022\/01\/TDF04975-768x512.jpg 768w, https:\/\/eduardmarquinaselfa.com\/wp-content\/uploads\/2022\/01\/TDF04975-1536x1024.jpg 1536w, https:\/\/eduardmarquinaselfa.com\/wp-content\/uploads\/2022\/01\/TDF04975-2048x1365.jpg 2048w, https:\/\/eduardmarquinaselfa.com\/wp-content\/uploads\/2022\/01\/TDF04975-600x400.jpg 600w\" sizes=\"auto, (max-width: 300px) 100vw, 300px\" \/><\/a><\/div><\/div><div class=\"lc_view_more view_more_justified_gallery lc_swp_boxed\"><a href=\"https:\/\/eduardmarquinaselfa.com\/?page_id=147\">M\u00e1s im\u00e1genes<\/a><\/div>[\/vc_column_inner][\/vc_row_inner][\/vc_column][\/vc_row][vc_row js_color_overlay=\u00bbrgba(21,21,21,0.88)\u00bb css=\u00bb.vc_custom_1641992997008{background-image: url(https:\/\/eduardmarquinaselfa.com\/wp-content\/uploads\/2022\/01\/TDF04965-scaled.jpg?id=2634) !important;background-position: center !important;background-repeat: no-repeat !important;background-size: cover !important;}\u00bb][vc_column][vc_row_inner css=\u00bb.vc_custom_1480014094601{margin-top: 80px !important;margin-bottom: 60px !important;}\u00bb][vc_column_inner]\t\r\n\t<div class=\"lc_vc_section_title text_center\">\r\n\t\t\t\r\n\t\t\t<h2 class=\"section_title\"><span class=\"lc_vibrant_color\">V\u00eddeo<\/span> Destacado<\/h2>\r\n\t\t\t\r\n\r\n\t\t\t\r\n\t\t\t<h4 class=\"section_subtitle\">\"CARPESA ESTESA\" Marquina-Selfa trio. A Ponte Studio.<\/h4>\r\n\t\t\t\r\n\t<\/div>\r\n\t\r\n\t[\/vc_column_inner][\/vc_row_inner][vc_row_inner css=\u00bb.vc_custom_1480014213390{margin-top: 60px !important;margin-bottom: 80px !important;}\u00bb][vc_column_inner]\t\r\n\t<div class=\"lc_swp_boxed vc_video_container\">\r\n\t\t<div class=\"lc_embed_video_container_full\">\r\n\t\t\t\t\t\t\t\t<iframe src=\"https:\/\/www.youtube.com\/embed\/IDz7ZOFGrV8?autoplay=0&amp;wmode=transparent&amp;rel=0&amp;showinfo=0\" allowfullscreen><\/iframe>\r\n\t\t\t\t\t\t<\/div>\r\n\t<\/div>\r\n\t\r\n\t[\/vc_column_inner][\/vc_row_inner][\/vc_column][\/vc_row][vc_row parallax=\u00bbcontent-moving\u00bb parallax_image=\u00bb2651&#8243; parallax_speed_bg=\u00bb2.5&#8243; js_color_overlay=\u00bbrgba(21,21,21,0.88)\u00bb js_parallax_bg=\u00bbyes\u00bb css=\u00bb.vc_custom_1641992919229{padding-bottom: 80px !important;background-position: center;background-repeat: no-repeat;background-size:cover !important;}\u00bb][vc_column][vc_row_inner css=\u00bb.vc_custom_1480015780992{margin-top: 80px !important;margin-bottom: 60px !important;}\u00bb][vc_column_inner]\t\r\n\t<div class=\"lc_vc_section_title text_center\">\r\n\t\t\t\r\n\t\t\t<h2 class=\"section_title\"><span class=\"lc_vibrant_color\">Opiniones<\/span> sobre Eduard<\/h2>\r\n\t\t\t\r\n\r\n\t\t\t\r\n\t\t\t<h4 class=\"section_subtitle\"><\/h4>\r\n\t\t\t\r\n\t<\/div>\r\n\t\r\n\t[\/vc_column_inner][\/vc_row_inner]\t<div class=\"lc_swp_boxed lc_reviews_slider_container\" data-slidespeed=\"400\" data-slidedelay=\"4000\">\r\n\t\t<div class=\"lc_reviews_slider\">\r\n\t\t\t<ul>\r\n\t\t\t\t<li>\r\n\t\t<div class=\"lc_swp_boxed text_center\">\r\n\t\t\t<div class=\"lc_reviewer_image\">\r\n\t\t\t\t<img loading=\"lazy\" decoding=\"async\" width=\"160\" height=\"160\" src=\"https:\/\/eduardmarquinaselfa.com\/wp-content\/uploads\/2016\/11\/default-image-1.jpg\" class=\"attachment-full size-full\" alt=\"\" srcset=\"https:\/\/eduardmarquinaselfa.com\/wp-content\/uploads\/2016\/11\/default-image-1.jpg 160w, https:\/\/eduardmarquinaselfa.com\/wp-content\/uploads\/2016\/11\/default-image-1-150x150.jpg 150w, https:\/\/eduardmarquinaselfa.com\/wp-content\/uploads\/2016\/11\/default-image-1-100x100.jpg 100w\" sizes=\"auto, (max-width: 160px) 100vw, 160px\" \/>\t\t\t<\/div>\r\n\t\t\t<h5 class=\"lc_reviewer_name\">Jos\u00e9 Antonio Garc\u00eda L\u00f3pez<\/h5>\r\n\t\t\t<div class=\"lc_review_content\">\r\n\t\t\t\tEl elegante y sustancioso groove creado por el grupo marc\u00f3 toda la pieza, en la que navegaron los flexibles, y a veces intensos, solos de Marquina.\t\t\t<\/div>\r\n\t\t<\/div>\r\n\t<\/li>\r\n\t<li>\r\n\t\t<div class=\"lc_swp_boxed text_center\">\r\n\t\t\t<div class=\"lc_reviewer_image\">\r\n\t\t\t\t<img loading=\"lazy\" decoding=\"async\" width=\"160\" height=\"160\" src=\"https:\/\/eduardmarquinaselfa.com\/wp-content\/uploads\/2016\/11\/default-image-1.jpg\" class=\"attachment-full size-full\" alt=\"\" srcset=\"https:\/\/eduardmarquinaselfa.com\/wp-content\/uploads\/2016\/11\/default-image-1.jpg 160w, https:\/\/eduardmarquinaselfa.com\/wp-content\/uploads\/2016\/11\/default-image-1-150x150.jpg 150w, https:\/\/eduardmarquinaselfa.com\/wp-content\/uploads\/2016\/11\/default-image-1-100x100.jpg 100w\" sizes=\"auto, (max-width: 160px) 100vw, 160px\" \/>\t\t\t<\/div>\r\n\t\t\t<h5 class=\"lc_reviewer_name\">Ana V\u00e1zquez Aguado<\/h5>\r\n\t\t\t<div class=\"lc_review_content\">\r\n\t\t\t\tD\u00f3misol Sisters: un grupo de esos que, en medio del ruido de tanto trap, atrapan con la sencillez de tres voces en armon\u00eda y la complejidad de las notas y los ritmos inalcanzables de un tr\u00edo de m\u00fasicos, Simone Zaniol a la bater\u00eda, Javi P\u00e9rez al bajo y Eduard Marquina al piano, que merecen menci\u00f3n aparte. Especialmente \u00e9ste \u00faltimo, que hizo correr sus manos y saltar sus dedos sobre las teclas de tal manera, que, si los o\u00eddos parpadeasen, habr\u00edan desestimado la idea de inmediato. S\u00f3lo por verlo multiplicar las notas de \u2018Noche de paz\u2019 en una versi\u00f3n exquisita de la melod\u00eda y escucharlo enlazarla con otra proliferaci\u00f3n de notas del \u2018Feliz Navidad\u2019 mereci\u00f3 la pena la velada.\t\t\t<\/div>\r\n\t\t<\/div>\r\n\t<\/li>\r\n\t\t\t<\/ul>\r\n\t\t<\/div>\t\r\n\t<\/div>\r\n[\/vc_column][\/vc_row][vc_row js_color_overlay=\u00bbrgba(15,15,15,0.92)\u00bb css=\u00bb.vc_custom_1617881948069{background-image: url(https:\/\/eduardmarquinaselfa.com\/wp-content\/uploads\/2021\/04\/TDF04809-scaled.jpg?id=2536) !important;background-position: center !important;background-repeat: no-repeat !important;background-size: cover !important;}\u00bb][vc_column][vc_row_inner css=\u00bb.vc_custom_1480014278927{margin-top: 80px !important;margin-bottom: 60px !important;}\u00bb][vc_column_inner]\t\r\n\t<div class=\"lc_vc_section_title text_center\">\r\n\t\t\t\r\n\t\t\t<h2 class=\"section_title\"><span class=\"lc_vibrant_color\">Contacta<\/span> conmigo<\/h2>\r\n\t\t\t\r\n\r\n\t\t\t\r\n\t\t\t<h4 class=\"section_subtitle\"><\/h4>\r\n\t\t\t\r\n\t<\/div>\r\n\t\r\n\t[\/vc_column_inner][\/vc_row_inner][vc_row_inner css=\u00bb.vc_custom_1480014287409{margin-top: 60px !important;margin-bottom: 80px !important;}\u00bb][vc_column_inner]\t<div class=\"lc_swp_boxed\">\r\n\t\t<div class=\"lucille_contactform vc_lc_contactform\">\r\n\t\t\t<form class=\"lucille_contactform\">\t\t\t\t\t\t\r\n\t\t\t\t<ul class=\"contactform_fields\">\r\n\r\n\t\t\t\t\t<li class=\"comment-form-author vc_lc_element lucille_cf_entry three_on_row three_on_row_layout\">\r\n\t\t\t\t\t\t<input type=\"text\" placeholder=\"Name \" name=\"contactName\" id=\"contactName\" class=\"lucille_cf_input required requiredField contactNameInput\" \/>\r\n\t\t\t\t\t\t<div class=\"lucille_cf_error\">Please enter your name<\/div>\r\n\t\t\t\t\t<\/li>\r\n\r\n\t\t\t\t\t<li class=\"comment-form-email vc_lc_element lucille_cf_entry three_on_row three_on_row_layout\">\r\n\t\t\t\t\t\t<input type=\"text\" placeholder=\"Email \" name=\"email\" id=\"contactemail\" class=\"lucille_cf_input required requiredField email\" \/>\r\n\t\t\t\t\t\t<div class=\"lucille_cf_error\">Please enter a correct email address<\/div>\r\n\t\t\t\t\t<\/li>\r\n\r\n\t\t\t\t\t<li class=\"comment-form-url vc_lc_element lucille_cf_entry three_on_row three_on_row_layout\">\r\n\t\t\t\t\t\t<input type=\"text\" placeholder=\"Phone \" name=\"phone\" id=\"phone\" class=\"lucille_cf_input\" \/>\r\n\t\t\t\t\t<\/li>\r\n\r\n\t\t\t\t\t<li class=\"comment-form-comment vc_lc_element lucille_cf_entry\">\r\n\t\t\t\t\t\t<textarea name=\"comments\" placeholder=\"Message \" id=\"commentsText\" rows=\"10\" cols=\"30\" class=\"lucille_cf_input required requiredField contactMessageInput\"><\/textarea>\r\n\t\t\t\t\t\t<div class=\"lucille_cf_error\">Please enter a message<\/div>\r\n\t\t\t\t\t<\/li>\r\n\r\n\t\t\t\t\t<li class=\"captcha_error lucille_cf_error\">\r\n\t\t\t\t\t\t<span class=\"error\">Incorrect reCaptcha. Please enter reCaptcha challenge.<\/span>\r\n\t\t\t\t\t<\/li>\r\n\r\n\t\t\t\t\t<li class=\"wp_mail_error\">\r\n\t\t\t\t\t\t<div class=\"lucille_cf_error\">Cannot send mail, an error occurred while delivering this message. Please try again later.<\/div>\r\n\t\t\t\t\t<\/li>\t\r\n\r\n\t\t\t\t\t<li class=\"formResultOK\">\r\n\t\t\t\t\t\t<div class=\"lucille_cf_error\">Your message was sent successfully. Thanks!<\/div>\r\n\t\t\t\t\t<\/li>\r\n\t\t\t\t\t\t\t\t\t\t<li>\r\n\t\t\t\t\t\t<input name=\"Button1\" type=\"submit\" id=\"submit\" class=\"lc_button\" value=\"Send Email\" >\r\n\t\t\t\t\t\t\t\t\t\t\t<\/li>\r\n\r\n\t\t\t\t<\/ul>\r\n\t\t\t\t<input type=\"hidden\" name=\"action\" value=\"lucillecontactform_action\" \/>\r\n\t\t\t\t<input type=\"hidden\" id=\"contactform_nonce\" name=\"contactform_nonce\" value=\"3979485dc5\" \/><input type=\"hidden\" name=\"_wp_http_referer\" value=\"\/index.php?rest_route=%2Fwp%2Fv2%2Fpages%2F1999\" \/>\t\t\t<\/form>\r\n\t\t<\/div>\r\n\t<\/div>\r\n\t[\/vc_column_inner][\/vc_row_inner][\/vc_column][\/vc_row][vc_row][vc_column css=\u00bb.vc_custom_1646307138061{padding-bottom: 30px !important;}\u00bb] <div class=\"social_profiles_vc_elt text_center\"> \t\t<div class=\"lc_social_profile\">\r\n\t\t\t<a href=\"https:\/\/www.facebook.com\/Eduard-Marquina-Selfa-129495907121426\" target=\"_blank\">\r\n\t\t\t\t<i class=\"fab fa-facebook\"><\/i>\r\n\t\t\t<\/a>\r\n\t\t<\/div>\r\n\t\t\t\t<div class=\"lc_social_profile\">\r\n\t\t\t<a href=\"https:\/\/www.instagram.com\/eduard_marquina_selfa\/\" target=\"_blank\">\r\n\t\t\t\t<i class=\"fab fa-instagram\"><\/i>\r\n\t\t\t<\/a>\r\n\t\t<\/div>\r\n\t\t\t\t<div class=\"lc_social_profile\">\r\n\t\t\t<a href=\"https:\/\/www.youtube.com\/user\/MrEdumusica13\" target=\"_blank\">\r\n\t\t\t\t<i class=\"fab fa-youtube\"><\/i>\r\n\t\t\t<\/a>\r\n\t\t<\/div>\r\n\t\t\t\t<div class=\"lc_social_profile\">\r\n\t\t\t<a href=\"https:\/\/open.spotify.com\/user\/edumusica\" target=\"_blank\">\r\n\t\t\t\t<i class=\"fab fa-spotify\"><\/i>\r\n\t\t\t<\/a>\r\n\t\t<\/div>\r\n\t\t <\/div> [\/vc_column][\/vc_row]<\/p>\n","protected":false},"excerpt":{"rendered":"<p>[vc_row][vc_column][rev_slider_vc alias=\u00bbclassicMenuDemoSlider\u00bb][\/vc_column][\/vc_row][vc_row js_color_overlay=\u00bb#1b1b1b\u00bb][vc_column css=\u00bb.vc_custom_1479811878528{margin-top: 0px !important;}\u00bb][vc_row_inner css=\u00bb.vc_custom_1479812469116{margin-top: 80px !important;margin-bottom: 60px !important;}\u00bb][vc_column_inner][\/vc_column_inner][\/vc_row_inner][vc_row_inner css=\u00bb.vc_custom_1479812495937{margin-top: 80px !important;margin-bottom: 80px !important;}\u00bb][vc_column_inner][\/vc_column_inner][\/vc_row_inner][\/vc_column][\/vc_row][vc_row js_color_overlay=\u00bbrgba(21,21,21,0.89)\u00bb css=\u00bb.vc_custom_1641986323315{padding-top: 120px !important;padding-bottom: 120px !important;background-image: url(https:\/\/eduardmarquinaselfa.com\/wp-content\/uploads\/2022\/01\/TDF04879-scaled-e1641986284991.jpg?id=2611) !important;background-position: center !important;background-repeat: no-repeat !important;background-size: cover !important;}\u00bb][vc_column width=\u00bb1\/2&#8243; offset=\u00bbvc_hidden-sm vc_hidden-xs\u00bb][\/vc_column][vc_column width=\u00bb1\/4&#8243; offset=\u00bbvc_col-sm-offset-0&#8243;][vc_row_inner][vc_column_inner css=\u00bb.vc_custom_1482743483404{padding-right: 15px !important;padding-bottom: 20px !important;padding-left:&#8230;<\/p>\n","protected":false},"author":1,"featured_media":0,"parent":0,"menu_order":0,"comment_status":"closed","ping_status":"closed","template":"template-visual-composer.php","meta":{"footnotes":""},"class_list":["post-1999","page","type-page","status-publish","hentry"],"_links":{"self":[{"href":"https:\/\/eduardmarquinaselfa.com\/index.php?rest_route=\/wp\/v2\/pages\/1999","targetHints":{"allow":["GET"]}}],"collection":[{"href":"https:\/\/eduardmarquinaselfa.com\/index.php?rest_route=\/wp\/v2\/pages"}],"about":[{"href":"https:\/\/eduardmarquinaselfa.com\/index.php?rest_route=\/wp\/v2\/types\/page"}],"author":[{"embeddable":true,"href":"https:\/\/eduardmarquinaselfa.com\/index.php?rest_route=\/wp\/v2\/users\/1"}],"replies":[{"embeddable":true,"href":"https:\/\/eduardmarquinaselfa.com\/index.php?rest_route=%2Fwp%2Fv2%2Fcomments&post=1999"}],"version-history":[{"count":32,"href":"https:\/\/eduardmarquinaselfa.com\/index.php?rest_route=\/wp\/v2\/pages\/1999\/revisions"}],"predecessor-version":[{"id":2897,"href":"https:\/\/eduardmarquinaselfa.com\/index.php?rest_route=\/wp\/v2\/pages\/1999\/revisions\/2897"}],"wp:attachment":[{"href":"https:\/\/eduardmarquinaselfa.com\/index.php?rest_route=%2Fwp%2Fv2%2Fmedia&parent=1999"}],"curies":[{"name":"wp","href":"https:\/\/api.w.org\/{rel}","templated":true}]}}